{"id":356,"date":"2017-10-13T16:48:00","date_gmt":"2017-10-13T14:48:00","guid":{"rendered":"http:\/\/wpoffice\/band\/?page_id=356"},"modified":"2024-10-03T18:43:10","modified_gmt":"2024-10-03T21:43:10","slug":"bookings","status":"publish","type":"page","link":"http:\/\/alexandrecuba.com\/?page_id=356","title":{"rendered":"Contato"},"content":{"rendered":"\n<style type=\"text\/css\" data-created_by=\"avia_inline_auto\" id=\"style-css-av-3pjcbg-758a6569a77cf41db8506114553cb201\">\n.avia-section.av-3pjcbg-758a6569a77cf41db8506114553cb201{\nbackground-repeat:no-repeat;\nbackground-image:url(http:\/\/alexandrecuba.com\/wp-content\/uploads\/2015\/07\/banner-concert.jpg);\nbackground-position:50% 50%;\nbackground-attachment:scroll;\n}\n.avia-section.av-3pjcbg-758a6569a77cf41db8506114553cb201 .av-section-color-overlay{\nopacity:0.7;\nbackground-color:#000000;\n}\n<\/style>\n<div id='av_section_1'  class='avia-section av-3pjcbg-758a6569a77cf41db8506114553cb201 main_color avia-section-huge avia-no-border-styling  avia-builder-el-0  el_before_av_section  avia-builder-el-first  avia-full-stretch avia-bg-style-scroll av-section-color-overlay-active container_wrap fullsize'  data-section-bg-repeat='stretch'><div class=\"av-section-color-overlay-wrap\"><div class=\"av-section-color-overlay\"><\/div><div class='container av-section-cont-open' ><main  role=\"main\" itemprop=\"mainContentOfPage\"  class='template-page content  av-content-full alpha units'><div class='post-entry post-entry-type-page post-entry-356'><div class='entry-content-wrapper clearfix'>\n\n<style type=\"text\/css\" data-created_by=\"avia_inline_auto\" id=\"style-css-av-3hpqz0-a47adf2235bce25f550d6eeebca41698\">\n#top .av-special-heading.av-3hpqz0-a47adf2235bce25f550d6eeebca41698{\npadding-bottom:0;\nfont-size:90px;\n}\nbody .av-special-heading.av-3hpqz0-a47adf2235bce25f550d6eeebca41698 .av-special-heading-tag .heading-char{\nfont-size:25px;\n}\n#top #wrap_all .av-special-heading.av-3hpqz0-a47adf2235bce25f550d6eeebca41698 .av-special-heading-tag{\nfont-size:90px;\n}\n.av-special-heading.av-3hpqz0-a47adf2235bce25f550d6eeebca41698 .av-subheading{\nfont-size:15px;\n}\n\n@media only screen and (min-width: 480px) and (max-width: 767px){ \n#top #wrap_all .av-special-heading.av-3hpqz0-a47adf2235bce25f550d6eeebca41698 .av-special-heading-tag{\nfont-size:0.8em;\n}\n}\n\n@media only screen and (max-width: 479px){ \n#top #wrap_all .av-special-heading.av-3hpqz0-a47adf2235bce25f550d6eeebca41698 .av-special-heading-tag{\nfont-size:0.8em;\n}\n}\n<\/style>\n<div  class='av-special-heading av-3hpqz0-a47adf2235bce25f550d6eeebca41698 av-special-heading-h3 blockquote modern-quote modern-centered  avia-builder-el-1  avia-builder-el-no-sibling  av-inherit-size'><h3 class='av-special-heading-tag'  itemprop=\"headline\"  >Recados<\/h3><div class=\"special-heading-border\"><div class=\"special-heading-inner-border\"><\/div><\/div><\/div>\n<\/div><\/div><\/main><!-- close content main element --><\/div><\/div><\/div>\n<style type=\"text\/css\" data-created_by=\"avia_inline_auto\" id=\"style-css-av-3e81ic-a732ccc6052ba2533374cf428f804772\">\n.avia-section.av-3e81ic-a732ccc6052ba2533374cf428f804772 .av-section-color-overlay{\nopacity:0.7;\nbackground-color:#000000;\nbackground-image:url(http:\/\/alexandrecuba.com\/wp-content\/themes\/enfold\/images\/background-images\/grunge-big-light.png);\nbackground-repeat:repeat;\n}\n.avia-section.av-3e81ic-a732ccc6052ba2533374cf428f804772 .av-extra-border-element .av-extra-border-inner{\nbackground-color:#111111;\n}\n<\/style>\n<div id='av_section_2'  class='avia-section av-3e81ic-a732ccc6052ba2533374cf428f804772 main_color avia-section-huge avia-no-border-styling  avia-builder-el-2  el_after_av_section  el_before_av_section  avia-bg-style-fixed av-section-color-overlay-active av-arrow-down-section container_wrap fullsize'  ><div class=\"av-section-color-overlay-wrap\"><div class=\"av-section-color-overlay\"><\/div><div class='container av-section-cont-open' ><div class='template-page content  av-content-full alpha units'><div class='post-entry post-entry-type-page post-entry-356'><div class='entry-content-wrapper clearfix'>\n\n<style type=\"text\/css\" data-created_by=\"avia_inline_auto\" id=\"style-css-av-3aq8yk-67375b692d7ceee07c45a91d5764b28a\">\n.flex_column.av-3aq8yk-67375b692d7ceee07c45a91d5764b28a{\n-webkit-border-radius:0px 0px 0px 0px;\n-moz-border-radius:0px 0px 0px 0px;\nborder-radius:0px 0px 0px 0px;\npadding:0px 0px 0px 0px;\n}\n<\/style>\n<div class='flex_column av-3aq8yk-67375b692d7ceee07c45a91d5764b28a av_one_half  avia-builder-el-3  el_before_av_one_half  avia-builder-el-first  first flex_column_div av-zero-column-padding '     ><p>\n<style type=\"text\/css\" data-created_by=\"avia_inline_auto\" id=\"style-css-av-au1xw-c88127855b9a85940265138991d06c2a\">\n#top .av-special-heading.av-au1xw-c88127855b9a85940265138991d06c2a{\npadding-bottom:10px;\nfont-size:30px;\n}\nbody .av-special-heading.av-au1xw-c88127855b9a85940265138991d06c2a .av-special-heading-tag .heading-char{\nfont-size:25px;\n}\n#top #wrap_all .av-special-heading.av-au1xw-c88127855b9a85940265138991d06c2a .av-special-heading-tag{\nfont-size:30px;\n}\n.av-special-heading.av-au1xw-c88127855b9a85940265138991d06c2a .av-subheading{\nfont-size:15px;\n}\n\n@media only screen and (min-width: 480px) and (max-width: 767px){ \n#top #wrap_all .av-special-heading.av-au1xw-c88127855b9a85940265138991d06c2a .av-special-heading-tag{\nfont-size:0.8em;\n}\n}\n\n@media only screen and (max-width: 479px){ \n#top #wrap_all .av-special-heading.av-au1xw-c88127855b9a85940265138991d06c2a .av-special-heading-tag{\nfont-size:0.8em;\n}\n}\n<\/style>\n<div  class='av-special-heading av-au1xw-c88127855b9a85940265138991d06c2a av-special-heading-h3 blockquote modern-quote  avia-builder-el-4  el_before_av_textblock  avia-builder-el-first  av-inherit-size'><h3 class='av-special-heading-tag'  itemprop=\"headline\"  >Indique<\/h3><div class=\"special-heading-border\"><div class=\"special-heading-inner-border\"><\/div><\/div><\/div><br \/>\n<section  class='av_textblock_section av-2u6rgk-185ececad7118250f79c457e154059e6'  itemscope=\"itemscope\" itemtype=\"https:\/\/schema.org\/CreativeWork\" ><div class='avia_textblock'  itemprop=\"text\" ><p>Preencha o formul\u00e1rio ao lado e nos conte onde mora, qual a cidade e se tem interesse em me ver tocar na sua regi\u00e3o. Com isso podemos entrar em contato com os espa\u00e7os e apresent\u00e1-los os interesses do p\u00fablico em meu trabalho.<\/p>\n<\/div><\/section><br \/>\n\n<style type=\"text\/css\" data-created_by=\"avia_inline_auto\" id=\"style-css-av-2psv1o-8a0865567240bf6fa37a9e3f0ca83a40\">\n#top .av-special-heading.av-2psv1o-8a0865567240bf6fa37a9e3f0ca83a40{\npadding-bottom:10px;\nfont-size:30px;\n}\nbody .av-special-heading.av-2psv1o-8a0865567240bf6fa37a9e3f0ca83a40 .av-special-heading-tag .heading-char{\nfont-size:25px;\n}\n#top #wrap_all .av-special-heading.av-2psv1o-8a0865567240bf6fa37a9e3f0ca83a40 .av-special-heading-tag{\nfont-size:30px;\n}\n.av-special-heading.av-2psv1o-8a0865567240bf6fa37a9e3f0ca83a40 .av-subheading{\nfont-size:15px;\n}\n\n@media only screen and (min-width: 480px) and (max-width: 767px){ \n#top #wrap_all .av-special-heading.av-2psv1o-8a0865567240bf6fa37a9e3f0ca83a40 .av-special-heading-tag{\nfont-size:0.8em;\n}\n}\n\n@media only screen and (max-width: 479px){ \n#top #wrap_all .av-special-heading.av-2psv1o-8a0865567240bf6fa37a9e3f0ca83a40 .av-special-heading-tag{\nfont-size:0.8em;\n}\n}\n<\/style>\n<div  class='av-special-heading av-2psv1o-8a0865567240bf6fa37a9e3f0ca83a40 av-special-heading-h3 blockquote modern-quote  avia-builder-el-6  el_after_av_textblock  el_before_av_textblock  av-inherit-size'><h3 class='av-special-heading-tag'  itemprop=\"headline\"  >Siga-me<\/h3><div class=\"special-heading-border\"><div class=\"special-heading-inner-border\"><\/div><\/div><\/div><br \/>\n<section  class='av_textblock_section av-2hyflw-8b283ecf3ee5bd5eea7a6b23eb668456'  itemscope=\"itemscope\" itemtype=\"https:\/\/schema.org\/CreativeWork\" ><div class='avia_textblock'  itemprop=\"text\" ><p>Se inscreva em meu canal do Youtube, curta, comente e compartilhe as can\u00e7\u00f5es e apresenta\u00e7\u00f5es que mais te agradou.<\/p>\n<\/div><\/section><\/p><\/div>\n<style type=\"text\/css\" data-created_by=\"avia_inline_auto\" id=\"style-css-av-2d1s1g-292bafb23303bcd5ace2585caeacbe6a\">\n.flex_column.av-2d1s1g-292bafb23303bcd5ace2585caeacbe6a{\n-webkit-border-radius:0px 0px 0px 0px;\n-moz-border-radius:0px 0px 0px 0px;\nborder-radius:0px 0px 0px 0px;\npadding:0px 0px 0px 0px;\n}\n<\/style>\n<div class='flex_column av-2d1s1g-292bafb23303bcd5ace2585caeacbe6a av_one_half  avia-builder-el-8  el_after_av_one_half  avia-builder-el-last  flex_column_div av-zero-column-padding '     ><form action=\"http:\/\/alexandrecuba.com\/?page_id=356\" method=\"post\"  class=\"avia_ajax_form av-form-labels-hidden   avia-builder-el-9  avia-builder-el-no-sibling   \" data-avia-form-id=\"1\" data-avia-redirect='' ><fieldset><p class='  first_form  form_element form_fullwidth' id='element_avia_1_1'><label for=\"avia_1_1\">Nome <abbr class=\"required\" title=\"required\">*<\/abbr><\/label> <input name=\"avia_1_1\" class=\"text_input is_empty\" type=\"text\" id=\"avia_1_1\" value=\"\"  placeholder='Nome*'\/><\/p><p class='  first_form  form_element form_fullwidth' id='element_avia_2_1'><label for=\"avia_2_1\">E-Mail <abbr class=\"required\" title=\"required\">*<\/abbr><\/label> <input name=\"avia_2_1\" class=\"text_input is_email\" type=\"text\" id=\"avia_2_1\" value=\"\"  placeholder='E-Mail*'\/><\/p><p class='  first_form  form_element form_fullwidth' id='element_avia_3_1'><label for=\"avia_3_1\">Interesse <abbr class=\"required\" title=\"required\">*<\/abbr><\/label><select  name=\"avia_3_1\" class=\"select is_empty\" id=\"avia_3_1\"><option class=\"av-placeholder\" disabled=\"disabled\" selected=\"selected\" value=''>Interesse*<\/option><option   value='Contrata\u00e7\u00e3o'>Contrata\u00e7\u00e3o<\/option><option   value='Elogios'>Elogios<\/option><option   value='Indica\u00e7\u00f5es'>Indica\u00e7\u00f5es<\/option><option   value='Informa\u00e7\u00f5es'>Informa\u00e7\u00f5es<\/option><\/select><\/p><p class='  first_form  form_element form_fullwidth av-last-visible-form-element' id='element_avia_4_1'><label for=\"avia_4_1\" class=\"textare_label hidden textare_label_avia_4_1\">Recado <abbr class=\"required\" title=\"required\">*<\/abbr><\/label><textarea  placeholder='Recado*' name=\"avia_4_1\" class=\"text_area is_empty\" cols=\"40\" rows=\"7\" id=\"avia_4_1\" ><\/textarea><\/p><p class=\"hidden\"><input type=\"text\" name=\"avia_5_1\" class=\"hidden \" id=\"avia_5_1\" value=\"\" \/><\/p><p class=\"form_element \"><input type=\"hidden\" value=\"1\" name=\"avia_generated_form1\" \/><input type=\"submit\" value=\"Enviar\" class=\"button\"  data-sending-label=\"Sending\"\/><\/p><\/fieldset><\/form><div id=\"ajaxresponse_1\" class=\"ajaxresponse ajaxresponse_1 hidden\"><\/div><\/div><\/div><\/div><\/div><!-- close content main div --><\/div><div class='av-extra-border-element border-extra-arrow-down'><div class='av-extra-border-outer'><div class='av-extra-border-inner'><\/div><\/div><\/div><\/div><\/div>\n<style type=\"text\/css\" data-created_by=\"avia_inline_auto\" id=\"style-css-av-1dbj98-96dabbff7e07f9081c37cf320b1c69de\">\n.avia-section.av-1dbj98-96dabbff7e07f9081c37cf320b1c69de .av-section-color-overlay{\nopacity:0.5;\nbackground-image:url(http:\/\/alexandrecuba.com\/wp-content\/themes\/enfold\/images\/background-images\/grunge-big-light.png);\nbackground-repeat:repeat;\n}\n<\/style>\n<div id='newsletter'  class='avia-section av-1dbj98-96dabbff7e07f9081c37cf320b1c69de main_color avia-section-huge avia-no-border-styling  avia-builder-el-10  el_after_av_section  avia-builder-el-last  avia-bg-style-scroll av-section-color-overlay-active container_wrap fullsize'  ><div class=\"av-section-color-overlay-wrap\"><div class=\"av-section-color-overlay\"><\/div><div class='container av-section-cont-open' ><div class='template-page content  av-content-full alpha units'><div class='post-entry post-entry-type-page post-entry-356'><div class='entry-content-wrapper clearfix'>\n\n<style type=\"text\/css\" data-created_by=\"avia_inline_auto\" id=\"style-css-av-16u2xo-315229af75f06b025bd110973f72eba1\">\n#top .av-special-heading.av-16u2xo-315229af75f06b025bd110973f72eba1{\npadding-bottom:40px;\nfont-size:50px;\n}\nbody .av-special-heading.av-16u2xo-315229af75f06b025bd110973f72eba1 .av-special-heading-tag .heading-char{\nfont-size:25px;\n}\n#top #wrap_all .av-special-heading.av-16u2xo-315229af75f06b025bd110973f72eba1 .av-special-heading-tag{\nfont-size:50px;\n}\n.av-special-heading.av-16u2xo-315229af75f06b025bd110973f72eba1 .av-subheading{\nfont-size:15px;\n}\n\n@media only screen and (min-width: 480px) and (max-width: 767px){ \n#top #wrap_all .av-special-heading.av-16u2xo-315229af75f06b025bd110973f72eba1 .av-special-heading-tag{\nfont-size:0.8em;\n}\n}\n\n@media only screen and (max-width: 479px){ \n#top #wrap_all .av-special-heading.av-16u2xo-315229af75f06b025bd110973f72eba1 .av-special-heading-tag{\nfont-size:0.8em;\n}\n}\n<\/style>\n<div  class='av-special-heading av-16u2xo-315229af75f06b025bd110973f72eba1 av-special-heading-h3 blockquote modern-quote modern-centered  avia-builder-el-11  el_before_av_one_fifth  avia-builder-el-first  av-inherit-size'><h3 class='av-special-heading-tag'  itemprop=\"headline\"  >Inscreva em minha Newsletter<\/h3><div class=\"special-heading-border\"><div class=\"special-heading-inner-border\"><\/div><\/div><\/div>\n\n<style type=\"text\/css\" data-created_by=\"avia_inline_auto\" id=\"style-css-av-44sr8-7896ff01926f562b05c36e384a4e706f\">\n.flex_column.av-44sr8-7896ff01926f562b05c36e384a4e706f{\n-webkit-border-radius:0px 0px 0px 0px;\n-moz-border-radius:0px 0px 0px 0px;\nborder-radius:0px 0px 0px 0px;\npadding:0px 0px 0px 0px;\n}\n<\/style>\n<div class='flex_column av-44sr8-7896ff01926f562b05c36e384a4e706f av_one_fifth  avia-builder-el-12  el_after_av_heading  el_before_av_three_fifth  first flex_column_div av-zero-column-padding '     ><\/div>\n<style type=\"text\/css\" data-created_by=\"avia_inline_auto\" id=\"style-css-av-ujiu4-cd9d3a6dbe56aac868b3de95c8fd6988\">\n.flex_column.av-ujiu4-cd9d3a6dbe56aac868b3de95c8fd6988{\n-webkit-border-radius:0px 0px 0px 0px;\n-moz-border-radius:0px 0px 0px 0px;\nborder-radius:0px 0px 0px 0px;\npadding:0px 0px 0px 0px;\n}\n<\/style>\n<div class='flex_column av-ujiu4-cd9d3a6dbe56aac868b3de95c8fd6988 av_three_fifth  avia-builder-el-13  el_after_av_one_fifth  el_before_av_one_fifth  flex_column_div av-zero-column-padding '     ><form action=\"http:\/\/alexandrecuba.com\/?page_id=356\" method=\"post\"  class=\"avia_ajax_form av-form-labels-hidden   avia-builder-el-14  avia-builder-el-no-sibling  av-centered-form   \" data-avia-form-id=\"2\" data-avia-redirect='' ><fieldset><p class='  first_form  form_element form_element_third' id='element_avia_1_2'><label for=\"avia_1_2\">Nome <abbr class=\"required\" title=\"required\">*<\/abbr><\/label> <input name=\"avia_1_2\" class=\"text_input is_empty\" type=\"text\" id=\"avia_1_2\" value=\"\"  placeholder='Nome*'\/><\/p><p class='  form_element form_element_third av-last-visible-form-element' id='element_avia_2_2'><label for=\"avia_2_2\">E-Mail <abbr class=\"required\" title=\"required\">*<\/abbr><\/label> <input name=\"avia_2_2\" class=\"text_input is_email\" type=\"text\" id=\"avia_2_2\" value=\"\"  placeholder='E-Mail*'\/><\/p><p class=\"hidden\"><input type=\"text\" name=\"avia_3_2\" class=\"hidden \" id=\"avia_3_2\" value=\"\" \/><\/p><p class=\"form_element form_element_third modified_width\"><input type=\"hidden\" value=\"1\" name=\"avia_generated_form2\" \/><input type=\"submit\" value=\"Subscribe\" class=\"button\"  data-sending-label=\"Sending\"\/><\/p><\/fieldset><\/form><div id=\"ajaxresponse_2\" class=\"ajaxresponse ajaxresponse_2 hidden\"><\/div><\/div>\n<style type=\"text\/css\" data-created_by=\"avia_inline_auto\" id=\"style-css-av-aaxo4-ad1f49a1a012dec5dc073c468cc2c6de\">\n.flex_column.av-aaxo4-ad1f49a1a012dec5dc073c468cc2c6de{\n-webkit-border-radius:0px 0px 0px 0px;\n-moz-border-radius:0px 0px 0px 0px;\nborder-radius:0px 0px 0px 0px;\npadding:0px 0px 0px 0px;\n}\n<\/style>\n<div class='flex_column av-aaxo4-ad1f49a1a012dec5dc073c468cc2c6de av_one_fifth  avia-builder-el-15  el_after_av_three_fifth  avia-builder-el-last  flex_column_div av-zero-column-padding '     ><\/div><\/p>\n","protected":false},"excerpt":{"rendered":"","protected":false},"author":2,"featured_media":0,"parent":0,"menu_order":0,"comment_status":"closed","ping_status":"closed","template":"","meta":{"footnotes":""},"class_list":["post-356","page","type-page","status-publish","hentry"],"_links":{"self":[{"href":"http:\/\/alexandrecuba.com\/index.php?rest_route=\/wp\/v2\/pages\/356","targetHints":{"allow":["GET"]}}],"collection":[{"href":"http:\/\/alexandrecuba.com\/index.php?rest_route=\/wp\/v2\/pages"}],"about":[{"href":"http:\/\/alexandrecuba.com\/index.php?rest_route=\/wp\/v2\/types\/page"}],"author":[{"embeddable":true,"href":"http:\/\/alexandrecuba.com\/index.php?rest_route=\/wp\/v2\/users\/2"}],"replies":[{"embeddable":true,"href":"http:\/\/alexandrecuba.com\/index.php?rest_route=%2Fwp%2Fv2%2Fcomments&post=356"}],"version-history":[{"count":3,"href":"http:\/\/alexandrecuba.com\/index.php?rest_route=\/wp\/v2\/pages\/356\/revisions"}],"predecessor-version":[{"id":698,"href":"http:\/\/alexandrecuba.com\/index.php?rest_route=\/wp\/v2\/pages\/356\/revisions\/698"}],"wp:attachment":[{"href":"http:\/\/alexandrecuba.com\/index.php?rest_route=%2Fwp%2Fv2%2Fmedia&parent=356"}],"curies":[{"name":"wp","href":"https:\/\/api.w.org\/{rel}","templated":true}]}}